{"id":13,"date":"2008-05-16T17:16:39","date_gmt":"2008-05-16T15:16:39","guid":{"rendered":"http:\/\/betschart-transporte.ch.adbw.net\/?page_id=13"},"modified":"2026-01-02T11:14:37","modified_gmt":"2026-01-02T09:14:37","slug":"steine-kies-sand","status":"publish","type":"page","link":"https:\/\/www.betschart-transporte.ch\/index.php\/dienstleistungen\/steine-kies-sand\/","title":{"rendered":"Steine, Kies, Sand, Humus"},"content":{"rendered":"<p>Abholung mit telefonischer Voranmeldung unter 041 820 12 55<\/p>\n<p>Wir haben ein vielseitiges Kiesangebot an der Sch\u00f6nenbuchstrasse 33 in Ibach<br \/>\n(Sand- und Kieswerk AG Schwyz)<br \/>\nBezug direkt ab Werk zu Betriebszeiten m\u00f6glich.<\/p>\n<p>&nbsp;<\/p>\n<p><strong>Preisliste 2026<\/strong><\/p>\n<p>&nbsp;<br \/>\nab Lager Rotzli Brunnen<br \/>\n\n<table id=\"tablepress-4\" class=\"tablepress tablepress-id-4\">\n<thead>\n<tr class=\"row-1\">\n\t<td class=\"column-1\"><\/td><td class=\"column-2\"><\/td><th class=\"column-3\">ca. to\/m3<\/th><th class=\"column-4\">per to<\/th>\n<\/tr>\n<\/thead>\n<tbody>\n<tr class=\"row-2\">\n\t<td class=\"column-1\">Sand<\/td><td class=\"column-2\">0\/4mm<\/td><td class=\"column-3\">1.42 to\/m3<\/td><td class=\"column-4\">CHF 43.00<\/td>\n<\/tr>\n<tr class=\"row-3\">\n\t<td class=\"column-1\">Sand<\/td><td class=\"column-2\">0\/8mm<\/td><td class=\"column-3\">1.46 to\/m3<\/td><td class=\"column-4\">CHF 43.00<\/td>\n<\/tr>\n<tr class=\"row-4\">\n\t<td class=\"column-1\">Kies<\/td><td class=\"column-2\">4\/8mm<\/td><td class=\"column-3\">1.43 to\/m3<\/td><td class=\"column-4\">CHF 43.00<\/td>\n<\/tr>\n<tr class=\"row-5\">\n\t<td class=\"column-1\">Kies<\/td><td class=\"column-2\">8\/16mm<\/td><td class=\"column-3\">1.46 to\/m3<\/td><td class=\"column-4\">CHF 43.00<\/td>\n<\/tr>\n<tr class=\"row-6\">\n\t<td class=\"column-1\">Kies<\/td><td class=\"column-2\">16\/32mm<\/td><td class=\"column-3\">1.49 to\/m3<\/td><td class=\"column-4\">CHF 43.00<\/td>\n<\/tr>\n<tr class=\"row-7\">\n\t<td class=\"column-1\">Betonkies<\/td><td class=\"column-2\">0\/32mm<\/td><td class=\"column-3\">1.68 to\/m3<\/td><td class=\"column-4\">CHF 36.00<\/td>\n<\/tr>\n<tr class=\"row-8\">\n\t<td class=\"column-1\">Betonkies<\/td><td class=\"column-2\">0\/16mm<\/td><td class=\"column-3\">1.64 to\/m3<\/td><td class=\"column-4\">CHF 43.00<\/td>\n<\/tr>\n<tr class=\"row-9\">\n\t<td class=\"column-1\">Rundkies<\/td><td class=\"column-2\">30\/50mm<\/td><td class=\"column-3\"><\/td><td class=\"column-4\">CHF 43.00<\/td>\n<\/tr>\n<\/tbody>\n<\/table>\n<!-- #tablepress-4 from cache --><\/p>\n<p>ab Lager Stegstuden Brunnen<br \/>\n\n<table id=\"tablepress-5\" class=\"tablepress tablepress-id-5\">\n<thead>\n<tr class=\"row-1\">\n\t<td class=\"column-1\"><\/td><td class=\"column-2\"><\/td><th class=\"column-3\">ca. to\/m3<\/th><th class=\"column-4\">per m3<\/th>\n<\/tr>\n<\/thead>\n<tbody>\n<tr class=\"row-2\">\n\t<td class=\"column-1\">Humus<\/td><td class=\"column-2\"><\/td><td class=\"column-3\">1.20 to\/m3<\/td><td class=\"column-4\">auf Anfrage<\/td>\n<\/tr>\n<\/tbody>\n<\/table>\n<!-- #tablepress-5 from cache --><\/p>\n<p>Die aufgef\u00fchrten Preise verstehen sich exklusive 8,1% MWST.<\/p>\n","protected":false},"excerpt":{"rendered":"<p>Abholung mit telefonischer Voranmeldung unter 041 820 12 55 Wir haben ein vielseitiges Kiesangebot an der Sch\u00f6nenbuchstrasse 33 in Ibach (Sand- und Kieswerk AG Schwyz) Bezug direkt ab Werk zu Betriebszeiten m\u00f6glich. &nbsp; Preisliste 2026 &nbsp; ab Lager Rotzli Brunnen ab Lager Stegstuden Brunnen Die aufgef\u00fchrten Preise verstehen sich exklusive 8,1% MWST.<\/p>\n","protected":false},"author":4,"featured_media":0,"parent":4,"menu_order":0,"comment_status":"open","ping_status":"open","template":"","meta":{"ngg_post_thumbnail":0,"footnotes":""},"class_list":["post-13","page","type-page","status-publish","hentry"],"_links":{"self":[{"href":"https:\/\/www.betschart-transporte.ch\/index.php\/wp-json\/wp\/v2\/pages\/13","targetHints":{"allow":["GET"]}}],"collection":[{"href":"https:\/\/www.betschart-transporte.ch\/index.php\/wp-json\/wp\/v2\/pages"}],"about":[{"href":"https:\/\/www.betschart-transporte.ch\/index.php\/wp-json\/wp\/v2\/types\/page"}],"author":[{"embeddable":true,"href":"https:\/\/www.betschart-transporte.ch\/index.php\/wp-json\/wp\/v2\/users\/4"}],"replies":[{"embeddable":true,"href":"https:\/\/www.betschart-transporte.ch\/index.php\/wp-json\/wp\/v2\/comments?post=13"}],"version-history":[{"count":5,"href":"https:\/\/www.betschart-transporte.ch\/index.php\/wp-json\/wp\/v2\/pages\/13\/revisions"}],"predecessor-version":[{"id":1528,"href":"https:\/\/www.betschart-transporte.ch\/index.php\/wp-json\/wp\/v2\/pages\/13\/revisions\/1528"}],"up":[{"embeddable":true,"href":"https:\/\/www.betschart-transporte.ch\/index.php\/wp-json\/wp\/v2\/pages\/4"}],"wp:attachment":[{"href":"https:\/\/www.betschart-transporte.ch\/index.php\/wp-json\/wp\/v2\/media?parent=13"}],"curies":[{"name":"wp","href":"https:\/\/api.w.org\/{rel}","templated":true}]}}