{"id":14,"date":"2008-05-16T17:16:59","date_gmt":"2008-05-16T15:16:59","guid":{"rendered":"http:\/\/betschart-transporte.ch.adbw.net\/?page_id=14"},"modified":"2024-01-02T16:44:40","modified_gmt":"2024-01-02T14:44:40","slug":"muldenservice","status":"publish","type":"page","link":"https:\/\/www.betschart-transporte.ch\/index.php\/dienstleistungen\/muldenservice\/","title":{"rendered":"Muldenservice"},"content":{"rendered":"\n<table id=\"tablepress-6\" class=\"tablepress tablepress-id-6\">\n<thead>\n<tr class=\"row-1\">\n\t<th class=\"column-1\">Talboden Schwyz<\/th><th class=\"column-2\">Richtpreis<\/th>\n<\/tr>\n<\/thead>\n<tbody>\n<tr class=\"row-2\">\n\t<td class=\"column-1\"><strong>Mulden stellen und leeren mit Hakenger\u00e4t<\/strong><\/td><td class=\"column-2\"><\/td>\n<\/tr>\n<tr class=\"row-3\">\n\t<td class=\"column-1\">20 \/ 40m3 Gross-Container<\/td><td class=\"column-2\">SFr. 275.00<\/td>\n<\/tr>\n<tr class=\"row-4\">\n\t<td class=\"column-1\">10m3 Abrollmulde<\/td><td class=\"column-2\">SFr. 220.00<\/td>\n<\/tr>\n<tr class=\"row-5\">\n\t<td class=\"column-1\"><strong>Welaki-Mulden stellen und leeren<\/strong><\/td><td class=\"column-2\"><\/td>\n<\/tr>\n<tr class=\"row-6\">\n\t<td class=\"column-1\">1.5m3 Minimulde<\/td><td class=\"column-2\">SFr. 135.00<\/td>\n<\/tr>\n<tr class=\"row-7\">\n\t<td class=\"column-1\">4m3 Mulde<\/td><td class=\"column-2\">SFr. 170.00<\/td>\n<\/tr>\n<tr class=\"row-8\">\n\t<td class=\"column-1\">5m3 Flachbettmulde<\/td><td class=\"column-2\">SFr. 215.00<\/td>\n<\/tr>\n<tr class=\"row-9\">\n\t<td class=\"column-1\">6m3 Deckelmulde<\/td><td class=\"column-2\">SFr. 215.00<\/td>\n<\/tr>\n<tr class=\"row-10\">\n\t<td class=\"column-1\">7m3 Mulde<\/td><td class=\"column-2\">SFr. 215.00<\/td>\n<\/tr>\n<tr class=\"row-11\">\n\t<td class=\"column-1\">10m3 Mulde erh\u00f6ht<\/td><td class=\"column-2\">SFr. 215.00<\/td>\n<\/tr>\n<\/tbody>\n<\/table>\n<!-- #tablepress-6 from cache -->\n<p>Die Deponie-Geb\u00fchren werden zus\u00e4tzlich verrechnet.<\/p>\n<p>Die aufgef\u00fchrten Preise verstehen sich exklusive 8,1% MWST.<\/p>\n","protected":false},"excerpt":{"rendered":"<p>Die Deponie-Geb\u00fchren werden zus\u00e4tzlich verrechnet. Die aufgef\u00fchrten Preise verstehen sich exklusive 8,1% MWST.<\/p>\n","protected":false},"author":4,"featured_media":0,"parent":4,"menu_order":0,"comment_status":"open","ping_status":"open","template":"","meta":{"ngg_post_thumbnail":0,"footnotes":""},"class_list":["post-14","page","type-page","status-publish","hentry"],"_links":{"self":[{"href":"https:\/\/www.betschart-transporte.ch\/index.php\/wp-json\/wp\/v2\/pages\/14","targetHints":{"allow":["GET"]}}],"collection":[{"href":"https:\/\/www.betschart-transporte.ch\/index.php\/wp-json\/wp\/v2\/pages"}],"about":[{"href":"https:\/\/www.betschart-transporte.ch\/index.php\/wp-json\/wp\/v2\/types\/page"}],"author":[{"embeddable":true,"href":"https:\/\/www.betschart-transporte.ch\/index.php\/wp-json\/wp\/v2\/users\/4"}],"replies":[{"embeddable":true,"href":"https:\/\/www.betschart-transporte.ch\/index.php\/wp-json\/wp\/v2\/comments?post=14"}],"version-history":[{"count":5,"href":"https:\/\/www.betschart-transporte.ch\/index.php\/wp-json\/wp\/v2\/pages\/14\/revisions"}],"predecessor-version":[{"id":1445,"href":"https:\/\/www.betschart-transporte.ch\/index.php\/wp-json\/wp\/v2\/pages\/14\/revisions\/1445"}],"up":[{"embeddable":true,"href":"https:\/\/www.betschart-transporte.ch\/index.php\/wp-json\/wp\/v2\/pages\/4"}],"wp:attachment":[{"href":"https:\/\/www.betschart-transporte.ch\/index.php\/wp-json\/wp\/v2\/media?parent=14"}],"curies":[{"name":"wp","href":"https:\/\/api.w.org\/{rel}","templated":true}]}}