{"id":15,"date":"2008-05-16T17:17:16","date_gmt":"2008-05-16T15:17:16","guid":{"rendered":"http:\/\/betschart-transporte.ch.adbw.net\/?page_id=15"},"modified":"2008-08-12T16:49:40","modified_gmt":"2008-08-12T14:49:40","slug":"aushub-abbruch","status":"publish","type":"page","link":"https:\/\/www.betschart-transporte.ch\/index.php\/dienstleistungen\/aushub-abbruch\/","title":{"rendered":"Aushub- &#038; Abbruch"},"content":{"rendered":"<p><img loading=\"lazy\" decoding=\"async\" src=\"http:\/\/www.betschart-transporte.ch\/wp-content\/uploads\/aushub.jpg\" alt=\"\" title=\"aushub\" width=\"220\" height=\"200\" class=\"alignleft size-full wp-image-66\" srcset=\"https:\/\/www.betschart-transporte.ch\/wp-content\/uploads\/aushub.jpg 220w, https:\/\/www.betschart-transporte.ch\/wp-content\/uploads\/aushub-150x136.jpg 150w\" sizes=\"auto, (max-width: 220px) 100vw, 220px\" \/><strong>Bauen Sie (um)? <\/strong><\/p>\n<p>Gerne erledigen wir den Baugrubenaushub f\u00fcr Sie und garantieren Ihnen eine fachgerechte Arbeit. Wir kommen gerne vorbei um das Projekt vorg\u00e4ngig anzuschauen \u2013 rufen Sie uns an. <\/p>\n<p>Wir empfehlen uns auch f\u00fcr diverse Abbrucharbeiten. Selbstverst\u00e4ndlich sortieren und entsorgen wir auch gleich das abgebrochene Material. Durch unsere langj\u00e4hrige Erfahrung sind diese Arbeiten sehr schnell erledigt.<\/p>\n","protected":false},"excerpt":{"rendered":"<p>Bauen Sie (um)? Gerne erledigen wir den Baugrubenaushub f\u00fcr Sie und garantieren Ihnen eine fachgerechte Arbeit. Wir kommen gerne vorbei um das Projekt vorg\u00e4ngig anzuschauen \u2013 rufen Sie uns an. Wir empfehlen uns auch f\u00fcr diverse Abbrucharbeiten. Selbstverst\u00e4ndlich sortieren und entsorgen wir auch gleich das abgebrochene Material. Durch unsere langj\u00e4hrige Erfahrung sind diese Arbeiten sehr [&hellip;]<\/p>\n","protected":false},"author":4,"featured_media":0,"parent":4,"menu_order":0,"comment_status":"open","ping_status":"open","template":"","meta":{"ngg_post_thumbnail":0,"footnotes":""},"class_list":["post-15","page","type-page","status-publish","hentry"],"_links":{"self":[{"href":"https:\/\/www.betschart-transporte.ch\/index.php\/wp-json\/wp\/v2\/pages\/15","targetHints":{"allow":["GET"]}}],"collection":[{"href":"https:\/\/www.betschart-transporte.ch\/index.php\/wp-json\/wp\/v2\/pages"}],"about":[{"href":"https:\/\/www.betschart-transporte.ch\/index.php\/wp-json\/wp\/v2\/types\/page"}],"author":[{"embeddable":true,"href":"https:\/\/www.betschart-transporte.ch\/index.php\/wp-json\/wp\/v2\/users\/4"}],"replies":[{"embeddable":true,"href":"https:\/\/www.betschart-transporte.ch\/index.php\/wp-json\/wp\/v2\/comments?post=15"}],"version-history":[{"count":0,"href":"https:\/\/www.betschart-transporte.ch\/index.php\/wp-json\/wp\/v2\/pages\/15\/revisions"}],"up":[{"embeddable":true,"href":"https:\/\/www.betschart-transporte.ch\/index.php\/wp-json\/wp\/v2\/pages\/4"}],"wp:attachment":[{"href":"https:\/\/www.betschart-transporte.ch\/index.php\/wp-json\/wp\/v2\/media?parent=15"}],"curies":[{"name":"wp","href":"https:\/\/api.w.org\/{rel}","templated":true}]}}