{"id":17,"date":"2008-05-16T17:17:49","date_gmt":"2008-05-16T15:17:49","guid":{"rendered":"http:\/\/betschart-transporte.ch.adbw.net\/?page_id=17"},"modified":"2025-01-16T15:40:04","modified_gmt":"2025-01-16T13:40:04","slug":"brennstoffe","status":"publish","type":"page","link":"https:\/\/www.betschart-transporte.ch\/index.php\/dienstleistungen\/brennstoffe\/","title":{"rendered":"Brennstoffe"},"content":{"rendered":"<p>Der Heiz\u00f6lpreis steht jeweils ab ca. 09.00 Uhr fest. Dieser Wert kann sich an manchen Tagen mehrmals ver\u00e4ndern. Den aktuellen Preis finden Sie <a href=\"?page_id=53\">hier<\/a>. Selbstverst\u00e4ndlich d\u00fcrfen Sie uns auch gerne telefonisch kontaktieren. Bitte beachten Sie, dass das Bestelldatum und nicht das Lieferdatum f\u00fcr den Tarif massgebend ist.<\/p>\n<p>Sollte Ihnen das Heiz\u00f6l ausserhalb unserer \u00d6ffnungszeiten ausgehen, k\u00f6nnen Sie uns trotzdem unter der Hauptnummer 041 820 12 55 erreichen \u2013 Ihr Anruf wird nach einer kurzen Zeit weitergeleitet.<\/p>\n<p><strong>Oeko-Heiz\u00f6l<\/strong><br \/>\nOeko-Heiz\u00f6l schwefelarm ist ein genormter, streng kontrollierter Qualit\u00e4tsbrennstoff. Die wesentlichen Vorteile des Brennstoffs sind der tiefere Stickstoffgehalt und die l\u00e4ngere Lebensdauer.<\/p>\n<p>Der Stickstoffgehalt im Oekoheiz\u00f6l schwefelarm weist typischerweise Werte zwischen 30-80mg\/kg aus. Dadurch ist die Abgabe von Stickoxid (NOx) an die Umwelt sehr tief. Das Oeko-Heiz\u00f6l schwefelarm verursacht deutlichweniger Schwefelablagerungen im Brennraum und schont somit Heizkessel und Brenner. Damit verl\u00e4ngert sich die Lebensdauer der Heizung.&nbsp;<\/p>\n","protected":false},"excerpt":{"rendered":"<p>Der Heiz\u00f6lpreis steht jeweils ab ca. 09.00 Uhr fest. Dieser Wert kann sich an manchen Tagen mehrmals ver\u00e4ndern. Den aktuellen Preis finden Sie hier. Selbstverst\u00e4ndlich d\u00fcrfen Sie uns auch gerne telefonisch kontaktieren. Bitte beachten Sie, dass das Bestelldatum und nicht das Lieferdatum f\u00fcr den Tarif massgebend ist. Sollte Ihnen das Heiz\u00f6l ausserhalb unserer \u00d6ffnungszeiten ausgehen, [&hellip;]<\/p>\n","protected":false},"author":4,"featured_media":0,"parent":4,"menu_order":0,"comment_status":"open","ping_status":"open","template":"","meta":{"ngg_post_thumbnail":0,"footnotes":""},"class_list":["post-17","page","type-page","status-publish","hentry"],"_links":{"self":[{"href":"https:\/\/www.betschart-transporte.ch\/index.php\/wp-json\/wp\/v2\/pages\/17","targetHints":{"allow":["GET"]}}],"collection":[{"href":"https:\/\/www.betschart-transporte.ch\/index.php\/wp-json\/wp\/v2\/pages"}],"about":[{"href":"https:\/\/www.betschart-transporte.ch\/index.php\/wp-json\/wp\/v2\/types\/page"}],"author":[{"embeddable":true,"href":"https:\/\/www.betschart-transporte.ch\/index.php\/wp-json\/wp\/v2\/users\/4"}],"replies":[{"embeddable":true,"href":"https:\/\/www.betschart-transporte.ch\/index.php\/wp-json\/wp\/v2\/comments?post=17"}],"version-history":[{"count":5,"href":"https:\/\/www.betschart-transporte.ch\/index.php\/wp-json\/wp\/v2\/pages\/17\/revisions"}],"predecessor-version":[{"id":1500,"href":"https:\/\/www.betschart-transporte.ch\/index.php\/wp-json\/wp\/v2\/pages\/17\/revisions\/1500"}],"up":[{"embeddable":true,"href":"https:\/\/www.betschart-transporte.ch\/index.php\/wp-json\/wp\/v2\/pages\/4"}],"wp:attachment":[{"href":"https:\/\/www.betschart-transporte.ch\/index.php\/wp-json\/wp\/v2\/media?parent=17"}],"curies":[{"name":"wp","href":"https:\/\/api.w.org\/{rel}","templated":true}]}}