{"id":3,"date":"2008-05-16T17:10:33","date_gmt":"2008-05-16T15:10:33","guid":{"rendered":"http:\/\/betschart-transporte.ch.adbw.net\/?page_id=3"},"modified":"2018-12-10T11:08:10","modified_gmt":"2018-12-10T09:08:10","slug":"portrait","status":"publish","type":"page","link":"https:\/\/www.betschart-transporte.ch\/index.php\/portrait\/","title":{"rendered":"Portrait"},"content":{"rendered":"<p><span class=\"foto\" style=\"margin-bottom: 100px;\"><img loading=\"lazy\" decoding=\"async\" class=\"alignleft size-full wp-image-65\" title=\"portrait1\" src=\"http:\/\/www.betschart-transporte.ch\/wp-content\/uploads\/portrait1.jpg\" alt=\"\" width=\"220\" height=\"200\" srcset=\"https:\/\/www.betschart-transporte.ch\/wp-content\/uploads\/portrait1.jpg 220w, https:\/\/www.betschart-transporte.ch\/wp-content\/uploads\/portrait1-150x136.jpg 150w\" sizes=\"auto, (max-width: 220px) 100vw, 220px\" \/><br \/>\nUnsere B\u00fcror\u00e4umlichkeiten an der Schwyzerstrasse 19 in Brunnen.<\/span><\/p>\n<p>Wir sind ein Familienbetrieb, der 1914 in Form einer Fuhrhalterei gegr\u00fcndet worden ist. Seit der Gr\u00fcndung haben wir uns dem Transportgewerbe verschrieben. Dazugekommen sind der Verkauf von Brenn- und Kraftstoffen, Muldenservice sowie&nbsp;diverse Immobilien, die von der Firma&nbsp;<a href=\"https:\/\/mivera.ch\/\" target=\"_blank\" rel=\"noopener\">Mivera<\/a> verwaltet werden, und Vermietung von Lagerr\u00e4umen.<\/p>\n<p>Wir legen grossen Wert auf zufriedene Mitarbeiter und gute Arbeitsbedingungen. Ausserdem passen wir uns den Bed\u00fcrfnissen des Markts an und sind offen f\u00fcr Neuerung, die f\u00fcr unsere Kunden Verbesserungen darstellen. Dadurch k\u00f6nnen nachhaltig Kosten gespart werden, was sich positiv auf unsere Verkaufspreise auswirkt.<\/p>\n","protected":false},"excerpt":{"rendered":"<p>Unsere B\u00fcror\u00e4umlichkeiten an der Schwyzerstrasse 19 in Brunnen. Wir sind ein Familienbetrieb, der 1914 in Form einer Fuhrhalterei gegr\u00fcndet worden ist. Seit der Gr\u00fcndung haben wir uns dem Transportgewerbe verschrieben. Dazugekommen sind der Verkauf von Brenn- und Kraftstoffen, Muldenservice sowie&nbsp;diverse Immobilien, die von der Firma&nbsp;Mivera verwaltet werden, und Vermietung von Lagerr\u00e4umen. Wir legen grossen Wert [&hellip;]<\/p>\n","protected":false},"author":4,"featured_media":0,"parent":0,"menu_order":1,"comment_status":"open","ping_status":"open","template":"","meta":{"ngg_post_thumbnail":0,"footnotes":""},"class_list":["post-3","page","type-page","status-publish","hentry"],"_links":{"self":[{"href":"https:\/\/www.betschart-transporte.ch\/index.php\/wp-json\/wp\/v2\/pages\/3","targetHints":{"allow":["GET"]}}],"collection":[{"href":"https:\/\/www.betschart-transporte.ch\/index.php\/wp-json\/wp\/v2\/pages"}],"about":[{"href":"https:\/\/www.betschart-transporte.ch\/index.php\/wp-json\/wp\/v2\/types\/page"}],"author":[{"embeddable":true,"href":"https:\/\/www.betschart-transporte.ch\/index.php\/wp-json\/wp\/v2\/users\/4"}],"replies":[{"embeddable":true,"href":"https:\/\/www.betschart-transporte.ch\/index.php\/wp-json\/wp\/v2\/comments?post=3"}],"version-history":[{"count":5,"href":"https:\/\/www.betschart-transporte.ch\/index.php\/wp-json\/wp\/v2\/pages\/3\/revisions"}],"predecessor-version":[{"id":1086,"href":"https:\/\/www.betschart-transporte.ch\/index.php\/wp-json\/wp\/v2\/pages\/3\/revisions\/1086"}],"wp:attachment":[{"href":"https:\/\/www.betschart-transporte.ch\/index.php\/wp-json\/wp\/v2\/media?parent=3"}],"curies":[{"name":"wp","href":"https:\/\/api.w.org\/{rel}","templated":true}]}}