{"id":6,"date":"2008-05-16T17:11:23","date_gmt":"2008-05-16T15:11:23","guid":{"rendered":"http:\/\/betschart-transporte.ch.adbw.net\/?page_id=6"},"modified":"2019-02-18T11:38:10","modified_gmt":"2019-02-18T09:38:10","slug":"immobilien2","status":"publish","type":"page","link":"https:\/\/www.betschart-transporte.ch\/index.php\/immobilien2\/","title":{"rendered":"Immobilien"},"content":{"rendered":"<p><img loading=\"lazy\" decoding=\"async\" class=\"alignnone size-full wp-image-521\" title=\"fische_website\" src=\"http:\/\/betschart-transporte.ch\/wp-content\/uploads\/fische_website.jpg\" alt=\"\" width=\"240\" height=\"100\" srcset=\"https:\/\/www.betschart-transporte.ch\/wp-content\/uploads\/fische_website.jpg 240w, https:\/\/www.betschart-transporte.ch\/wp-content\/uploads\/fische_website-150x62.jpg 150w\" sizes=\"auto, (max-width: 240px) 100vw, 240px\" \/><\/p>\n<p><a href=\"http:\/\/www.koi-brunnen.ch\/\">Direkt zum Koi-Teich<\/a><\/p>\n<p>Unsere Firma besitzt mehrere Immobilien. S\u00e4mtliche Objekte befinden sich in der Gemeinde Ingenbohl-Brunnen.<\/p>\n<p>Zu unserem Angebot geh\u00f6ren Wohnungen, Gewerber\u00e4umlichkeiten, Lagerr\u00e4ume und Parkpl\u00e4tze.<\/p>\n<p>Die Verwaltung unserer Immobilien wird durch die Mivera AG, Brunnen wahrgenommen.<\/p>\n<p>&nbsp;<\/p>\n<p>&nbsp;<\/p>\n<p>&nbsp;<\/p>\n<p>&nbsp;<\/p>\n<p style=\"text-align: left;\"><strong>Ihre Ansprechpartner:<\/strong><\/p>\n<p><a href=\"https:\/\/mivera.ch\/\" target=\"_blank\" rel=\"noopener\"><img loading=\"lazy\" decoding=\"async\" class=\"alignnone wp-image-907 size-medium\" src=\"http:\/\/betschart-transporte.ch\/wp-content\/uploads\/Screenshot_2018-10-02-14-13-34-951_com.android.chrome-150x70.jpg\" alt=\"\" width=\"150\" height=\"70\" srcset=\"https:\/\/www.betschart-transporte.ch\/wp-content\/uploads\/Screenshot_2018-10-02-14-13-34-951_com.android.chrome-150x70.jpg 150w, https:\/\/www.betschart-transporte.ch\/wp-content\/uploads\/Screenshot_2018-10-02-14-13-34-951_com.android.chrome.jpg 464w\" sizes=\"auto, (max-width: 150px) 100vw, 150px\" \/><\/a><\/p>\n<p><img loading=\"lazy\" decoding=\"async\" class=\"alignnone wp-image-898\" src=\"http:\/\/betschart-transporte.ch\/wp-content\/uploads\/Nadine_Choque-150x113.png\" alt=\"\" width=\"120\" height=\"90\" srcset=\"https:\/\/www.betschart-transporte.ch\/wp-content\/uploads\/Nadine_Choque-150x113.png 150w, https:\/\/www.betschart-transporte.ch\/wp-content\/uploads\/Nadine_Choque.png 320w\" sizes=\"auto, (max-width: 120px) 100vw, 120px\" \/><\/p>\n<p>Nadin Choque-Betschart<\/p>\n<p>Gesch\u00e4ftsf\u00fchrerin<\/p>\n<p><a href=\"mailto:info@mivera.ch\">info@mivera.ch<\/a><\/p>\n<p>Tel:&nbsp; 041 820 30 70<\/p>\n<p>Fax: 041 820 30 71<\/p>\n<p>&nbsp;<\/p>\n<p><img loading=\"lazy\" decoding=\"async\" class=\"alignnone wp-image-899\" src=\"http:\/\/betschart-transporte.ch\/wp-content\/uploads\/Paul_Betschart-150x113.png\" alt=\"\" width=\"120\" height=\"90\" srcset=\"https:\/\/www.betschart-transporte.ch\/wp-content\/uploads\/Paul_Betschart-150x113.png 150w, https:\/\/www.betschart-transporte.ch\/wp-content\/uploads\/Paul_Betschart.png 317w\" sizes=\"auto, (max-width: 120px) 100vw, 120px\" \/><\/p>\n<p>Paul Betschart<\/p>\n<p>Inhaber<\/p>\n<p><a href=\"mailto:pbetschart@bluewin.ch\">pbetschart@bluewin.ch<\/a><b><\/b><i><\/i><u><\/u><\/p>\n<p>Tel:&nbsp; 041 820 30 70<b><\/b><i><\/i><u><\/u><\/p>\n<p>Fax: 041 820 30 71<b><\/b><i><\/i><u><\/u><\/p>\n","protected":false},"excerpt":{"rendered":"<p>Direkt zum Koi-Teich Unsere Firma besitzt mehrere Immobilien. S\u00e4mtliche Objekte befinden sich in der Gemeinde Ingenbohl-Brunnen. Zu unserem Angebot geh\u00f6ren Wohnungen, Gewerber\u00e4umlichkeiten, Lagerr\u00e4ume und Parkpl\u00e4tze. Die Verwaltung unserer Immobilien wird durch die Mivera AG, Brunnen wahrgenommen. &nbsp; &nbsp; &nbsp; &nbsp; Ihre Ansprechpartner: Nadin Choque-Betschart Gesch\u00e4ftsf\u00fchrerin info@mivera.ch Tel:&nbsp; 041 820 30 70 Fax: 041 820 30 [&hellip;]<\/p>\n","protected":false},"author":4,"featured_media":0,"parent":0,"menu_order":5,"comment_status":"open","ping_status":"closed","template":"","meta":{"ngg_post_thumbnail":0,"footnotes":""},"class_list":["post-6","page","type-page","status-publish","hentry"],"_links":{"self":[{"href":"https:\/\/www.betschart-transporte.ch\/index.php\/wp-json\/wp\/v2\/pages\/6","targetHints":{"allow":["GET"]}}],"collection":[{"href":"https:\/\/www.betschart-transporte.ch\/index.php\/wp-json\/wp\/v2\/pages"}],"about":[{"href":"https:\/\/www.betschart-transporte.ch\/index.php\/wp-json\/wp\/v2\/types\/page"}],"author":[{"embeddable":true,"href":"https:\/\/www.betschart-transporte.ch\/index.php\/wp-json\/wp\/v2\/users\/4"}],"replies":[{"embeddable":true,"href":"https:\/\/www.betschart-transporte.ch\/index.php\/wp-json\/wp\/v2\/comments?post=6"}],"version-history":[{"count":5,"href":"https:\/\/www.betschart-transporte.ch\/index.php\/wp-json\/wp\/v2\/pages\/6\/revisions"}],"predecessor-version":[{"id":1174,"href":"https:\/\/www.betschart-transporte.ch\/index.php\/wp-json\/wp\/v2\/pages\/6\/revisions\/1174"}],"wp:attachment":[{"href":"https:\/\/www.betschart-transporte.ch\/index.php\/wp-json\/wp\/v2\/media?parent=6"}],"curies":[{"name":"wp","href":"https:\/\/api.w.org\/{rel}","templated":true}]}}