{"id":8,"date":"2008-05-16T17:13:17","date_gmt":"2008-05-16T15:13:17","guid":{"rendered":"http:\/\/betschart-transporte.ch.adbw.net\/?page_id=8"},"modified":"2019-01-17T16:42:43","modified_gmt":"2019-01-17T14:42:43","slug":"geschichte","status":"publish","type":"page","link":"https:\/\/www.betschart-transporte.ch\/index.php\/portrait\/geschichte\/","title":{"rendered":"Geschichte"},"content":{"rendered":"<table border=\"0\">\n<tbody>\n<tr>\n<td width=\"270\"><img loading=\"lazy\" decoding=\"async\" title=\"geschichte1\" src=\"http:\/\/www.betschart-transporte.ch\/wp-content\/uploads\/geschichte1.jpg\" alt=\"\" width=\"249\" height=\"145\"><\/td>\n<td>Moritz Betschart gr\u00fcndete die Firma 1914. Vorerst betrieb er eine Fuhrhalterei mit einem Pferd und war zugleich auch Kutscher in Brunnen. Sp\u00e4ter folgte dann der erste Lastwagen<\/td>\n<\/tr>\n<\/tbody>\n<\/table>\n<table border=\"0\">\n<tbody>\n<tr>\n<td width=\"270\"><img loading=\"lazy\" decoding=\"async\" title=\"geschichte2\" src=\"http:\/\/www.betschart-transporte.ch\/wp-content\/uploads\/geschichte2.jpg\" alt=\"\" width=\"249\" height=\"145\"><\/td>\n<td>Der Firmengr\u00fcnder mit seinen S\u00f6hnen: (v.l.) Josef (1902), Albert (1898), Alois (1905).<\/p>\n<p>Wie in der Innerschweiz \u00fcblich, waren die Br\u00fcder unter dem \u00dcbernamen \u00abs&#8217;Moritze\u00bb bekannt.<\/td>\n<\/tr>\n<\/tbody>\n<\/table>\n<table border=\"0\">\n<tbody>\n<tr>\n<td width=\"270\"><img loading=\"lazy\" decoding=\"async\" title=\"geschichte3\" src=\"http:\/\/www.betschart-transporte.ch\/wp-content\/uploads\/geschichte3.jpg\" alt=\"\" width=\"249\" height=\"145\"><\/td>\n<td>Die ersten Fahrzeuge wiesen w\u00e4hrend des Kriegs noch Motoren mit Holzvergasern auf.<\/td>\n<\/tr>\n<\/tbody>\n<\/table>\n<table style=\"height: 151px;\" border=\"0\">\n<tbody>\n<tr style=\"height: 151px;\">\n<td style=\"height: 151px; width: 270px;\"><img loading=\"lazy\" decoding=\"async\" title=\"geschichte4\" src=\"http:\/\/www.betschart-transporte.ch\/wp-content\/uploads\/geschichte4.jpg\" alt=\"\" width=\"249\" height=\"145\"><\/td>\n<td style=\"height: 151px; width: 451px;\">Die Firmeninhaber im Jahre 1974: (v.l.) Paul Betschart jun., Maria Betschart-Heinzer, Paul Betschart sen., Anna Betschart-Immoos, Albert Betschart, Anna Schelbert-Betschart, Moritz Betschart, Alice Suter-Betschart.<\/td>\n<\/tr>\n<\/tbody>\n<\/table>\n<table style=\"height: 256px;\" border=\"0\">\n<tbody>\n<tr style=\"height: 151px;\">\n<td style=\"height: 151px; width: 270px;\"><img loading=\"lazy\" decoding=\"async\" title=\"geschichte5\" src=\"http:\/\/www.betschart-transporte.ch\/wp-content\/uploads\/geschichte5.jpg\" alt=\"\" width=\"249\" height=\"145\"><\/td>\n<td style=\"height: 151px; width: 451px;\">Die Firmeninhaber im Jahre 1995: (v.l.) Paul Betschart sen., Moritz Betschart, Paul Betschart jun.<\/td>\n<\/tr>\n<tr style=\"height: 65px;\">\n<td style=\"width: 270px; height: 105px;\"><a href=\"http:\/\/betschart-transporte.ch\/wp-content\/uploads\/F\u00fchrung.jpg\" rel=\"lightbox[8]\"><img loading=\"lazy\" decoding=\"async\" class=\"alignnone wp-image-1127\" src=\"http:\/\/betschart-transporte.ch\/wp-content\/uploads\/F\u00fchrung-150x62.jpg\" alt=\"\" width=\"247\" height=\"102\" srcset=\"https:\/\/www.betschart-transporte.ch\/wp-content\/uploads\/F\u00fchrung-150x62.jpg 150w, https:\/\/www.betschart-transporte.ch\/wp-content\/uploads\/F\u00fchrung-768x319.jpg 768w, https:\/\/www.betschart-transporte.ch\/wp-content\/uploads\/F\u00fchrung-1024x425.jpg 1024w\" sizes=\"auto, (max-width: 247px) 100vw, 247px\" \/><\/a><\/td>\n<td style=\"width: 451px; height: 105px;\">&nbsp;<\/p>\n<p>Im 2018 trennten sich die Wege von Paul und Moritz Betschart. Die Firma wird durch Moritz Betschart und Moritz Betschart jun. gef\u00fchrt.<\/p>\n<p>&nbsp;<\/td>\n<\/tr>\n<\/tbody>\n<\/table>\n","protected":false},"excerpt":{"rendered":"<p>Moritz Betschart gr\u00fcndete die Firma 1914. Vorerst betrieb er eine Fuhrhalterei mit einem Pferd und war zugleich auch Kutscher in Brunnen. Sp\u00e4ter folgte dann der erste Lastwagen Der Firmengr\u00fcnder mit seinen S\u00f6hnen: (v.l.) Josef (1902), Albert (1898), Alois (1905). Wie in der Innerschweiz \u00fcblich, waren die Br\u00fcder unter dem \u00dcbernamen \u00abs&#8217;Moritze\u00bb bekannt. Die ersten Fahrzeuge [&hellip;]<\/p>\n","protected":false},"author":4,"featured_media":0,"parent":3,"menu_order":0,"comment_status":"open","ping_status":"open","template":"","meta":{"ngg_post_thumbnail":0,"footnotes":""},"class_list":["post-8","page","type-page","status-publish","hentry"],"_links":{"self":[{"href":"https:\/\/www.betschart-transporte.ch\/index.php\/wp-json\/wp\/v2\/pages\/8","targetHints":{"allow":["GET"]}}],"collection":[{"href":"https:\/\/www.betschart-transporte.ch\/index.php\/wp-json\/wp\/v2\/pages"}],"about":[{"href":"https:\/\/www.betschart-transporte.ch\/index.php\/wp-json\/wp\/v2\/types\/page"}],"author":[{"embeddable":true,"href":"https:\/\/www.betschart-transporte.ch\/index.php\/wp-json\/wp\/v2\/users\/4"}],"replies":[{"embeddable":true,"href":"https:\/\/www.betschart-transporte.ch\/index.php\/wp-json\/wp\/v2\/comments?post=8"}],"version-history":[{"count":5,"href":"https:\/\/www.betschart-transporte.ch\/index.php\/wp-json\/wp\/v2\/pages\/8\/revisions"}],"predecessor-version":[{"id":1129,"href":"https:\/\/www.betschart-transporte.ch\/index.php\/wp-json\/wp\/v2\/pages\/8\/revisions\/1129"}],"up":[{"embeddable":true,"href":"https:\/\/www.betschart-transporte.ch\/index.php\/wp-json\/wp\/v2\/pages\/3"}],"wp:attachment":[{"href":"https:\/\/www.betschart-transporte.ch\/index.php\/wp-json\/wp\/v2\/media?parent=8"}],"curies":[{"name":"wp","href":"https:\/\/api.w.org\/{rel}","templated":true}]}}