{"id":949,"date":"2018-10-19T13:59:40","date_gmt":"2018-10-19T11:59:40","guid":{"rendered":"http:\/\/betschart-transporte.ch\/?page_id=949"},"modified":"2018-10-26T11:52:42","modified_gmt":"2018-10-26T09:52:42","slug":"datenschutzerklaerung","status":"publish","type":"page","link":"https:\/\/www.betschart-transporte.ch\/index.php\/kontakt\/datenschutzerklaerung\/","title":{"rendered":"Datenschutzerkl\u00e4rung"},"content":{"rendered":"<p>Mit dieser Datenschutzerkl\u00e4rung werden Nutzer dieser Website \u00fcber ihre Rechte informiert, die ihnen von Artikel 13 der schweizerischen Bundesverfassung und den datenschutzrechtlichen Bestimmungen des Bundes (Datenschutzgesetz, DSG) sowie \u2013 sofern zutreffend \u2013 der Datenschutz-Grundverordnung (DSGVO) der Europ\u00e4ischen Union gew\u00e4hrt werden.<\/p>\n<p>Ausserdem wird aufgezeigt, wie die A.Betschart\u2019s S\u00f6hne AG im Zusammenhang mit diesem Internetauftritt mit allf\u00e4llig gesammelten Daten umgeht. Der Einfachheit halber wird in diesem Text zumeist die m\u00e4nnliche Form verwendet, gemeint sind aber selbstverst\u00e4ndlich immer alle Geschlechter.<\/p>\n<p>Die Nutzung dieser Website ist grunds\u00e4tzlich ohne Angabe personenbezogener Daten m\u00f6glich. Ist die Verarbeitung personenbezogener Daten erforderlich (z.B. bei einem Webformular), wird explizit darauf hingewiesen.<\/p>\n<h3>Verantwortlichkeit f\u00fcr Datenverarbeitung<\/h3>\n<p>Verantwortlich f\u00fcr die Verarbeitung von Daten im Sinne geltender Rechtsvorschriften der Schweiz oder der Europ\u00e4ischen Union sowie anderer Bestimmungen mit datenschutzrechtlichem Charakter ist<\/p>\n<p>A.Betschart\u2019s S\u00f6hne AG<br \/>\nSchwyzerstrasse 19<br \/>\n6440 Ingenbohl-Brunnen<\/p>\n<p>Telefon 041 820 12 55<br \/>\nTelefax 041 820 52 85<br \/>\ninfo@betschart-transporte.ch<br \/>\nwww.betschart-transporte.ch<\/p>\n<h3>Sicherheit<\/h3>\n<p>A.Betschart\u2019s S\u00f6hne AG unternimmt alle technische Massnahmen, um einen m\u00f6glichst l\u00fcckenlosen Schutz der \u00fcber diese Website erfassten Daten sicherzustellen (u.a. verschl\u00fcsselte Daten\u00fcbermittlung per TLS\/SSL). Daten\u00fcbertragungen im Internet k\u00f6nnen jedoch grunds\u00e4tzlich Sicherheitsl\u00fccken aufweisen, ein absoluter Schutz wird nicht gew\u00e4hrleistet.<\/p>\n<h3>Weitergabe von Daten<\/h3>\n<p>\u00dcber diese Website erfasste Daten werden, sofern unten stehend nicht anders vermerkt, nicht an Dritte weitergegeben.<\/p>\n<h3>Verweise auf externe Internetseiten<\/h3>\n<p>Auf dieser Website kann auf andere Internetseiten verwiesen werden, f\u00fcr welche die A.Betschart\u2019s S\u00f6hne AG nicht verantwortlich ist. Nutzer sollten daher beachten, dass diese Internetseiten \u00fcber eigene Datenschutzerkl\u00e4rungen und Gesch\u00e4ftsbestimmungen verf\u00fcgen, die hiervon abweichen k\u00f6nnen.<\/p>\n<h3>Cookies<\/h3>\n<p>Auf den Internetseiten der A.Betschart\u2019s S\u00f6hne AG werden Cookies eingesetzt. Eine ausf\u00fchrliche Beschreibung der Technologie bietet folgender Wikipedia-Artikel: <a href=\"https:\/\/de.wikipedia.org\/wiki\/HTTP-Cookie\">https:\/\/de.wikipedia.org\/wiki\/HTTP-Cookie<\/a><\/p>\n<p>Cookies k\u00f6nnen eine sogenannte Cookie-ID enthalten, die eine eindeutige Kennung des Cookies erm\u00f6glicht. Sie besteht aus einer Zeichenfolge, durch welche Internetseiten und Server dem konkreten Internetbrowser zugeordnet werden k\u00f6nnen, in dem das Cookie gespeichert wurde.<\/p>\n<p>Durch den Einsatz von Cookies kann die A.Betschart\u2019s S\u00f6hne AG den Nutzern dieser Internetseite Dienste bereitstellen, die ohne nicht m\u00f6glich w\u00e4ren. Nutzer dieser Website k\u00f6nnen die Setzung von Cookies mittels entsprechender Einstellung in ihrem Internetbrowser verhindern. Bereits gesetzte Cookies k\u00f6nnen im verwendeten Internetbrowser oder mittels zus\u00e4tzlicher Software gel\u00f6scht werden. Wird die Setzung von Cookies deaktiviert, sind eventuell nicht alle Funktionen dieser Website nutzbar.<\/p>\n<p>Rechtsgrundlage f\u00fcr die durch Cookies verarbeiteten Daten ist Art. 6 Abs. 1 S. 1 lit. f DSGVO.<\/p>\n<h3>Erfassung von allgemeinen Daten und Informationen (Logfiles)<\/h3>\n<p>Beim Aufruf dieser Internetseite werden allgemeine Daten und Informationen erfasst und in sogenannten Logfiles des Servers gespeichert. In Logfiles erfasst werden k\u00f6nnen die verwendeten Browsertypen und -versionen, das vom Nutzer verwendete Betriebssystem, die Internetseite, von welcher ein Nutzer auf unsere Internetseite gelangt (sogenannte Referrer), die Unterwebseiten, welche \u00fcber ein zugreifendes System auf unserer Internetseite angesteuert werden, das Datum und die Uhrzeit eines Zugriffs auf die Internetseite, eine Internet-Protokoll-Adresse (IP-Adresse), der Internet-Service-Provider des zugreifenden Systems und sonstige \u00e4hnliche Daten und Informationen, die der Gefahrenabwehr im Falle von Angriffen auf IT-Systeme dienen.<\/p>\n<p>Bei der Nutzung dieser allgemeinen Daten und Informationen werden keine R\u00fcckschl\u00fcsse auf die betroffene Person m\u00f6glich. Die Informationen werden ben\u00f6tigt, um Inhalte dieser Website korrekt auszuliefern, die Funktionsf\u00e4higkeit von IT-Systemen und der Technik dieser Internetseite zu gew\u00e4hrleisten sowie um Strafverfolgungsbeh\u00f6rden im Falle eines Cyberangriffes die zur Strafverfolgung notwendigen Informationen bereitzustellen.<\/p>\n<p>Diese anonym erhobenen Daten und Informationen werden durch die A.Betschart\u2019s S\u00f6hne AG oder deren Hosting-Partner daher einerseits statistisch und ferner mit dem Ziel ausgewertet, den Datenschutz und die Datensicherheit zu erh\u00f6hen.<\/p>\n<h3>Rechte der betroffenen Person<\/h3>\n<p>Sie haben das Recht, Auskunft \u00fcber Ihre von der A.Betschart\u2019s S\u00f6hne AG verarbeiteten personenbezogenen Daten zu verlangen. Insbesondere k\u00f6nnen Sie Auskunft verlangen \u00fcber<\/p>\n<ul>\n<li>die Verarbeitungszwecke,<\/li>\n<li>die Kategorien der personenbezogenen Daten,<\/li>\n<li>die Kategorien von Empf\u00e4ngern, gegen\u00fcber denen Ihre Daten offengelegt wurden oder werden,<\/li>\n<li>die geplante Speicherdauer,<\/li>\n<li>das Bestehen eines Rechts auf Berichtigung, L\u00f6schung, Einschr\u00e4nkung der Verarbeitung oder Widerspruch,<\/li>\n<li>das Recht der Daten\u00fcbertragung (sofern daf\u00fcr nicht ein unverh\u00e4ltnism\u00e4ssiger Aufwand verursacht wird),<\/li>\n<li>die Herkunft Ihrer Daten (sofern diese nicht bei uns erhoben wurden),<\/li>\n<li>sowie \u00fcber das Bestehen einer automatisierten Entscheidungsfindung einschliesslich Profiling.<\/li>\n<\/ul>\n<p>Sie haben auch das Recht, eine allenfalls erteilte Einwilligung zur Nutzung Ihrer personenbezogenen Daten jederzeit zu widerrufen.<\/p>\n<p>Sofern Sie der Auffassung sind, dass die Verarbeitung Ihrer personenbezogenen Daten durch die A.Betschart\u2019s S\u00f6hne AG im Widerspruch zu den geltenden Datenschutzbestimmungen steht, haben Sie die M\u00f6glichkeit, sich bei der Datenschutzstelle der daf\u00fcr zust\u00e4ndigen Beh\u00f6rde zu beschweren.<\/p>\n<h3>Kontaktformular<\/h3>\n<p>F\u00fcllen Sie ein Kontaktformular (auch Webformular genannt) aus, senden Sie uns eine E-Mail oder eine sonstige elektronische Nachricht, werden Ihre Angaben nur f\u00fcr die Bearbeitung der Anfrage, m\u00f6gliche damit zusammenh\u00e4ngende weitere Fragen, gespeichert und nur im Rahmen der Anfrage verwendet.<\/p>\n<p>Rechtsgrundlage f\u00fcr die Bearbeitung Ihrer Anfrage ist Art. 6 Abs. 1 S. 1 lit. b DSGVO.<\/p>\n<p>Die A.Betschart\u2019s S\u00f6hne AG l\u00f6scht Ihre Kontaktdaten nach Erledigung Ihrer Anfrage.<\/p>\n<h3>Automatisierte Entscheidungsfindung (Profiling)<\/h3>\n<p>Die A.Betschart\u2019s S\u00f6hne AG verzichtet auf eine automatische Entscheidungsfindung oder ein Profiling.<\/p>\n<h3>Hinweise zu dieser Datenschutzerkl\u00e4rung<\/h3>\n<p>Diese Datenschutzerkl\u00e4rung kann jederzeit und ohne Vorank\u00fcndigung durch die A.Betschart\u2019s S\u00f6hne AG ge\u00e4ndert werden. Es gilt die jeweils aktuelle, auf dieser Seite publizierte Fassung.<\/p>\n<p>Version 1.0 (Oktober 2018)<\/p>\n","protected":false},"excerpt":{"rendered":"<p>Mit dieser Datenschutzerkl\u00e4rung werden Nutzer dieser Website \u00fcber ihre Rechte informiert, die ihnen von Artikel 13 der schweizerischen Bundesverfassung und den datenschutzrechtlichen Bestimmungen des Bundes (Datenschutzgesetz, DSG) sowie \u2013 sofern zutreffend \u2013 der Datenschutz-Grundverordnung (DSGVO) der Europ\u00e4ischen Union gew\u00e4hrt werden. Ausserdem wird aufgezeigt, wie die A.Betschart\u2019s S\u00f6hne AG im Zusammenhang mit diesem Internetauftritt mit allf\u00e4llig [&hellip;]<\/p>\n","protected":false},"author":4,"featured_media":0,"parent":7,"menu_order":99,"comment_status":"closed","ping_status":"closed","template":"","meta":{"ngg_post_thumbnail":0,"footnotes":""},"class_list":["post-949","page","type-page","status-publish","hentry"],"_links":{"self":[{"href":"https:\/\/www.betschart-transporte.ch\/index.php\/wp-json\/wp\/v2\/pages\/949","targetHints":{"allow":["GET"]}}],"collection":[{"href":"https:\/\/www.betschart-transporte.ch\/index.php\/wp-json\/wp\/v2\/pages"}],"about":[{"href":"https:\/\/www.betschart-transporte.ch\/index.php\/wp-json\/wp\/v2\/types\/page"}],"author":[{"embeddable":true,"href":"https:\/\/www.betschart-transporte.ch\/index.php\/wp-json\/wp\/v2\/users\/4"}],"replies":[{"embeddable":true,"href":"https:\/\/www.betschart-transporte.ch\/index.php\/wp-json\/wp\/v2\/comments?post=949"}],"version-history":[{"count":5,"href":"https:\/\/www.betschart-transporte.ch\/index.php\/wp-json\/wp\/v2\/pages\/949\/revisions"}],"predecessor-version":[{"id":957,"href":"https:\/\/www.betschart-transporte.ch\/index.php\/wp-json\/wp\/v2\/pages\/949\/revisions\/957"}],"up":[{"embeddable":true,"href":"https:\/\/www.betschart-transporte.ch\/index.php\/wp-json\/wp\/v2\/pages\/7"}],"wp:attachment":[{"href":"https:\/\/www.betschart-transporte.ch\/index.php\/wp-json\/wp\/v2\/media?parent=949"}],"curies":[{"name":"wp","href":"https:\/\/api.w.org\/{rel}","templated":true}]}}